{"id":415,"date":"2023-05-14T11:12:36","date_gmt":"2023-05-14T09:12:36","guid":{"rendered":"http:\/\/wp.sandsteinidyll.de\/?page_id=415"},"modified":"2025-11-09T14:06:18","modified_gmt":"2025-11-09T13:06:18","slug":"agb","status":"publish","type":"page","link":"https:\/\/sandsteinidyll.de\/de\/agb\/","title":{"rendered":"AGB"},"content":{"rendered":"\t\t<div data-elementor-type=\"wp-page\" data-elementor-id=\"415\" class=\"elementor elementor-415\">\n\t\t\t\t\t\t<section class=\"elementor-section elementor-top-section elementor-element elementor-element-62dddf1 elementor-section-boxed elementor-section-height-default elementor-section-height-default\" data-id=\"62dddf1\" data-element_type=\"section\" data-e-type=\"section\">\n\t\t\t\t\t\t<div class=\"elementor-container elementor-column-gap-default\">\n\t\t\t\t\t<div class=\"elementor-column elementor-col-100 elementor-top-column elementor-element elementor-element-9d4930c\" data-id=\"9d4930c\" data-element_type=\"column\" data-e-type=\"column\">\n\t\t\t<div class=\"elementor-widget-wrap elementor-element-populated\">\n\t\t\t\t\t\t<section class=\"elementor-section elementor-inner-section elementor-element elementor-element-83ed83e elementor-section-full_width elementor-section-height-default elementor-section-height-default\" data-id=\"83ed83e\" data-element_type=\"section\" data-e-type=\"section\">\n\t\t\t\t\t\t<div class=\"elementor-container elementor-column-gap-default\">\n\t\t\t\t\t<div class=\"elementor-column elementor-col-100 elementor-inner-column elementor-element elementor-element-7d529a0\" data-id=\"7d529a0\" data-element_type=\"column\" data-e-type=\"column\">\n\t\t\t<div class=\"elementor-widget-wrap elementor-element-populated\">\n\t\t\t\t\t\t<div class=\"elementor-element elementor-element-0ace61c elementor-widget elementor-widget-heading\" data-id=\"0ace61c\" data-element_type=\"widget\" data-e-type=\"widget\" data-widget_type=\"heading.default\">\n\t\t\t\t<div class=\"elementor-widget-container\">\n\t\t\t\t\t<h2 class=\"elementor-heading-title elementor-size-default\"><strong>Allgemeine Gesch\u00e4ftsbedingungen f\u00fcr Sandsteinidyll (AGB)<\/strong><\/h2>\t\t\t\t<\/div>\n\t\t\t\t<\/div>\n\t\t\t\t<div class=\"elementor-element elementor-element-8a570c7 elementor-widget elementor-widget-image\" data-id=\"8a570c7\" data-element_type=\"widget\" data-e-type=\"widget\" data-widget_type=\"image.default\">\n\t\t\t\t<div class=\"elementor-widget-container\">\n\t\t\t\t\t\t\t\t\t\t\t\t\t\t\t<img decoding=\"async\" data-src=\"http:\/\/wp.sandsteinidyll.de\/wp-content\/uploads\/2023\/04\/divider3.png\" title=\"\" alt=\"\" src=\"data:image\/svg+xml;base64,PHN2ZyB3aWR0aD0iMSIgaGVpZ2h0PSIxIiB4bWxucz0iaHR0cDovL3d3dy53My5vcmcvMjAwMC9zdmciPjwvc3ZnPg==\" class=\"lazyload\" \/>\t\t\t\t\t\t\t\t\t\t\t\t\t\t\t<\/div>\n\t\t\t\t<\/div>\n\t\t\t\t<div class=\"elementor-element elementor-element-b0e5ec7 elementor-widget elementor-widget-text-editor\" data-id=\"b0e5ec7\" data-element_type=\"widget\" data-e-type=\"widget\" data-widget_type=\"text-editor.default\">\n\t\t\t\t<div class=\"elementor-widget-container\">\n\t\t\t\t\t\t\t\t\t<h3>Geltung der AGB<\/h3>\n<p>(1) Diese Allgmeinen Gesch\u00e4ftsbedingungen gelten f\u00fcr Vertr\u00e4ge \u00fcber die mietweise \u00dcberlassung von Ferienwohnungen, Ferienh\u00e4usern und Pensionszimmern zur Beherbergung sowie alle f\u00fcr den Gast erbrachten weiteren Leistungen und Lieferungen von der Angela und Ulrich Kleinst\u00e4uber eGbR. Die Leistungen erfolgen ausschlie\u00dflich aufgrund dieser Allgemeinen Gesch\u00e4ftsbedingungen.<\/p>\n<p>(2) Die Unter- oder Weitervermietung der \u00fcberlassenen Ferienwohnung sowie deren Nutzung zu anderen als Wohnzwecken bed\u00fcrfen der vorherigen schriftlichen Zustimmung von uns.<\/p>\n<p>(3) Gesch\u00e4ftsbedingungen des Gastes finden nur Anwendung, wenn diese vorher vereinbart wurden. Abweichungen von diesen Bedingungen sind nur wirksam, wenn wir dies ausdr\u00fccklich schriftlich best\u00e4tigt hat.<\/p>\n<h3>\u00a7 Buchung\/Buchungsbest\u00e4tigung<\/h3>\n<p>S\u00e4mtliche Buchungsanfragen m\u00fcssen \u00fcber unsere Webseite (www.sandsteinidyll.de), per E-Mail (buchung@sandsteinidyll.de) oder telefonisch (035024 \/ 70205) get\u00e4tigt werden. Alle Anfragen, die \u00fcber jegliche andere Methode get\u00e4tigt werden wie zum Beispiel \u00fcber SMS, Whats-App oder Social Media werden nicht ber\u00fccksichtigen.<\/p>\n<p>K\u00f6nnen wir Ihnen eine Unterkunftseinheit in dem gew\u00fcnschten Zeitraum anbieten, werden wir Ihnen eine Best\u00e4tigung per Mail oder auf den Postweg zusenden. Mit dem Erhalt der Buchungsbest\u00e4tigung, sowie nach erfolgter Anzahlung (siehe \u00a7 Zahlungsbedingungen) ist ihre Buchung rechtskr\u00e4ftig.<\/p>\n<p><strong>&nbsp;<\/strong><\/p>\n<h3>\u00a7 Preise und Zahlungsbedingungen<\/h3>\n<p>Vereinbarungen \u00fcber Sonderpreise bzw. Nachl\u00e4sse sind grunds\u00e4tzlich nur nach schriftlicher Best\u00e4tigung durch uns wirksam. Sonderpreise gelten nur f\u00fcr die vereinbarte Dauer. Nachl\u00e4sse aufgrund eines schuldhaften Fehlers von seiten der Angela und Ulrich Kleinst\u00e4uber eGbR k\u00f6nnen nur vom Inhaber gew\u00e4hrt werden. Alle vereinbarten Preise gelten maximal 6 Monate. Alle Preise enthalten die zur Zeit g\u00fcltige Mehrwertsteuer. Die von uns erbrachten Leistungen sind in der Regel sofort, das hei\u00dft vor der Abreise, und ohne Abz\u00fcge zu bezahlen. Zahlung nach Rechnung erfolgt nur nach vertraglicher Vereinbarung durch den Besteller. Bei Rechnungslegung an einen anderen als den Besteller erwarten wir die Bezahlung unserer Leistungen vor der Abreise des Gastes, oder eine schriftliche Kosten\u00fcbernahmeerkl\u00e4rung des Dritten Rechnungsempf\u00e4ngers. Rechnungen sind, wenn nicht anders vermerkt, 10 Tage nach Rechnungsdatum zur Zahlung f\u00e4llig. Bei Rechnungen tritt mit dem Zugang der 1. Mahnung Verzug ein. Ab Verzugseintritt wird die Rechnung mit 4% \u00fcber den Bundesdiskontsatz verzinst. F\u00fcr jede Mahnung nach Verzugseintritt kann eine Mahngeb\u00fchr von Euro 5,00 verlangt werden. Wir k\u00f6nnen vom Gast eine Vorauszahlung verlangen. Durch den Eingang der Anzahlung, erh\u00e4lt Ihre Buchung G\u00fcltigkeit. Die Nichtzahlung gilt als R\u00fccktritt und berechtigt zur Neuvermietung. Gruppenpreise und Leistungen mit erm\u00e4\u00dfigte Preisen sind ausschlie\u00dflich Bar, mit Scheckkarte oder per \u00dcberweisung zu bezahlen.<\/p>\n<p>Nebenkosten f\u00fcr Wasser, PKW-Stellplatz, Abfall werden nicht erhoben. Die Energiekosten sind im Normalfall im Preis inkludiert.<\/p>\n<p><strong>&nbsp;<\/strong><\/p>\n<h3>\u00a7 An- und Abreise<\/h3>\n<p>Reservierte Unterkunftseinheiten stehen unseren G\u00e4sten am Anreisetag ab 15.00 Uhr&nbsp; und am Abreisetag bis 10.00 Uhr zur Verf\u00fcgung. Nach vorheriger Absprache mit uns ist eine fr\u00fchere Anreise und eine sp\u00e4tere Abreise m\u00f6glich. Die Informationen der Schl\u00fcssel\u00fcbergabe bekommt der Gast, vor der Anreise telefonisch oder per E-Mail. Sofern nicht ausdr\u00fccklich eine sp\u00e4tere Ankunftszeit vereinbart wurde, haben wir das Recht, gebuchte Unterk\u00fcnfte nach 18.00 Uhr anderweitig zu vergeben, ohne das unser Gast hieraus einen Anspruch ableiten kann. Sollten Unterkunftseinheiten zugesagt, aber nicht verf\u00fcgbar sein, sind wir verpflichtet, uns um einen gleichwertigen&nbsp; Ersatz zu bem\u00fchen. Eine (anteilige) R\u00fcckzahlung der Miete aufgrund verfr\u00fchter Abreise erfolgt grunds\u00e4tzlich nicht.<\/p>\n<p>Die Wohnung ist am Abreisetag besenrein zu hinterlassen. Das Geschirr, Gl\u00e4ser, usw. sind zu reinigen und einzur\u00e4umen, die M\u00fclleimer entleert und der K\u00fchlschrank ausger\u00e4umt. Falls die Wohnung nicht wie erw\u00fcnscht hinterlassen wird, kann Ihnen dies in Rechnung gestellt werden.<\/p>\n<h3>\u00a7 Ferienwohnungen\/ Ferienhaus\/ Pensionszimmer<\/h3>\n<p>Die Unterkunftseinheit wird von uns in einem ordentlichen und sauberen Zustand mit vollst\u00e4ndigem Inventar \u00fcbergeben. Sollten Ihnen w\u00e4hrend Ihrem Aufenthalt Mangel auffallen, so ist der Gast dazu verpflichtet uns unverz\u00fcglich in Kenntnis zu setzen. Der Gast haftet f\u00fcr die von ihm verursachten Sch\u00e4den am Mietobjekt, dem Inventar z.B. kaputtes Geschirr, Sch\u00e4den am Fu\u00dfboden oder am Mobiliar. Hierzu z\u00e4hlen auch die Kosten f\u00fcr verlorene Schl\u00fcssel.<\/p>\n<p>Das Inventar ist schonend und pfleglich zu behandeln und nur f\u00fcr den Verbleib in den Ferienwohnungen vorgesehen. Das Verstellen von Einrichtungsgegenst\u00e4nden, insbesondere Betten, ist untersagt. Der Gast haftet auch f\u00fcr das Verschulden seiner Mitreisenden. Entstandene Sch\u00e4den durch h\u00f6here Gewalt sind hiervon ausgeschlossen. Bei vertragswidrigem Gebrauch der Ferienwohnung, wie Untervermietung, \u00dcberbelegung, St\u00f6rung des Hausfriedens etc. kann der Vertrag fristlos gek\u00fcndigt werden und der Gast muss somit die Ferienwohnung verlassen. Der bereits gezahlte Mietzins bleibt dabei bei uns.<\/p>\n<h3>\u00a7 Haustiere\/Hunde<\/h3>\n<p>Die Unterbringung von Haustieren jedweder Art ist nur nach vorheriger schriftlicher Zustimmung des Anbieters erlaubt. F\u00fcr die Unterbringung von Haustieren wird ein angemessener Aufpreis von 80 Euro pro Aufenthalt verlangt. Werden Tiere ohne vorherige Zustimmung des Anbieters untergebracht, kann dieser eine zus\u00e4tzliche Reinigungspauschale in Rechnung stellen. Haustieren ist es nicht erlaubt Betten, Sofas etc. zu nutzen. Stellen wir im nachhinein fest, dass die Haustiere dies doch genutzt haben behalten wir uns vor eine Sonderreinigungsgeb\u00fchr in Rechnung zu stellen. Generell sind nur Hunde als tierische Begleitung gestattet.<\/p>\n<h3>\u00a7 Aufenthalt<\/h3>\n<p>Die Unterkunftseinheiten d\u00fcrfen nur von den in der Buchung aufgef\u00fchrten Personen benutzt werden. Sollte die Wohnung von mehr Personen als vereinbart benutzt werden, ist f\u00fcr diese ein gesondertes Entgelt zu zahlen. Wir haben zudem in diesem Fall das Recht den Vertrag fristlos zu k\u00fcndigen.<\/p>\n<p>Eine Untervermietung und \u00dcberlassung der Wohnung an Dritte ist nicht erlaubt. Der Gast erkl\u00e4rt sich den Allgemeinen Gesch\u00e4ftsbedingungen sowie der Hausordnung der Unterkunft einverstanden. Die Einverst\u00e4ndniserkl\u00e4rung erfolgt mit der Buchungsbest\u00e4tigung.<\/p>\n<p>Bei Verst\u00f6\u00dfen gegen die AGB\u00b4s oder die Hausordnung ist Angela und Ulrich Kleinst\u00e4uber eGbR dazu berechtigt, das Mietverh\u00e4ltnis sofort und fristlos zu k\u00fcndigen. Ein Rechtsanspruch auf R\u00fcckzahlung des Mietzinses oder eine Entsch\u00e4digung besteht nicht.<\/p>\n<h3>\u00a7 Stornofristen<\/h3>\n<p>Nimmt ein Gast die reservierte Unterkunftseinheit nicht in Anspruch, ohne dies rechtzeitig mitzuteilen, so ist er zur&nbsp; Zahlung von Stornogeb\u00fchren verpflichtet. Es gelten folgende Stornobedingungen als vereinbart:<\/p>\n<p><strong>Stornofristen f\u00fcr Einzelbuchungen<\/strong><\/p>\n<p>R\u00fccktritt bis zum 31. Tag vor Anreise: kostenfrei<\/p>\n<p>R\u00fccktritt bis zum 21. Tag vor Reiseantritt: 20 % des vereinbarten Gesamtpreises<\/p>\n<p>R\u00fccktritt bis zum 11. Tag vor Anreise: 40 % des vereinbarten Gesamtpreises<\/p>\n<p>R\u00fccktritt bis zum 3. Tag vor Anreise: 50% des vereinbarten Gesamtpreises<\/p>\n<p>R\u00fccktritt unter 3 Tage vor Anreise: 80 % des vereinbarten Gesamtpreises<\/p>\n<p>Stornierungen und \u00c4nderungen, die sp\u00e4ter erfolgen, Nichtanreisen und vorzeitige Abreisen werden mit dem Gesamtbetrag berechnet.<\/p>\n<p><strong>Stornofristen f\u00fcr Gruppen \/ zusammenh\u00e4ngende Buchungen ab&nbsp; 4 Zimmern \/ Ferienwohnungen<\/strong><\/p>\n<p>F\u00fcr Reservierungen von mehr als 4 Zimmern gelten folgende Stornobedingungen:<\/p>\n<p>R\u00fccktritt bis zum 60. Tag vor Anreise: kostenfrei<\/p>\n<p>R\u00fccktritt bis zum 30. Tag vor Anreise: 40 % des vereinbarten Gesamtpreises<\/p>\n<p>R\u00fccktritt unter 30 Tage vor Anreise: 80 % des vereinbarten Gesamtpreises<\/p>\n<p>Stornierungen und \u00c4nderungen, die sp\u00e4ter erfolgen, Nichtanreisen und vorzeitige Abreisen werden mit dem Gesamtbetrag berechnet.<\/p>\n<p>Alle Reservierungen&nbsp; und Stornierungen bed\u00fcrfen der schriftlichen Best\u00e4tigung. Die Stornobedingungen gelten f\u00fcr beide Vertragsparteien gleicherma\u00dfen.<\/p><p><strong>&nbsp;<\/strong>\u00a7 R\u00fccktritt durch den Vermieter<\/p>\n<p>Im Falle einer Absage von unserer Seite, in Folge h\u00f6herer Gewalt oder anderer unvorhersehbarer Umst\u00e4nde (wie z.B. Brand, Streik, Hochwasser, Unfall oder Krankheit der Gastgeber) sowie andere nicht zu vertretende Umst\u00e4nde die Erf\u00fcllung unm\u00f6glich machen; beschr\u00e4nkt sich die Haftung auf die R\u00fcckerstattung der Kosten. Bei berechtigtem R\u00fccktritt entsteht kein Anspruch des Kunden auf Schadensersatz &#8211; eine Haftung f\u00fcr Anreise- und Hotelkosten wird nicht \u00fcbernommen.<\/p>\n<p>Ein R\u00fccktritt durch Angela und Ulrich Kleinst\u00e4uber eGbR kann nach Mietbeginn ohne Einhaltung einer Frist erfolgen.<\/p>\n<h3>\u00a7 Haftung des Vermieters<\/h3>\n<p>Angela und Ulrich Kleinst\u00e4uber eGbR haftet im Rahmen der Sorgfaltspflicht f\u00fcr die ordentliche Bereitstellung des Mietobjekts. Eine Haftung f\u00fcr eventuelle Ausf\u00e4lle bzw. St\u00f6rungen in Wasser- oder Stromversorgung, sowie Ereignisse und Folgen durch h\u00f6here Gewalt sind hiermit ausgeschlossen.<\/p>\n<p><strong>&nbsp;<\/strong><\/p>\n<h3>\u00a7 Gestattung zur Nutzung eines Internetzugangs mittels WLAN<\/h3>\n<p>Angela und Ulrich Kleinst\u00e4uber eGbR unterh\u00e4lt einen Internetzugang \u00fcber WLAN. Er gestattet dem Gast f\u00fcr die Dauer seines Aufenthaltes im Ferienobjekt eine Mitbenutzung des WLAN-Zugangs zum Internet. Der Mieter hat nicht das Recht, Dritten die Nutzung des WLANs zu gestatten.<\/p>\n<p>Angela und Ulrich Kleinst\u00e4uber eGbR gew\u00e4hrleistet nicht die tats\u00e4chliche Verf\u00fcgbarkeit, Geeignetheit oder Zuverl\u00e4ssigkeit des Internetzuganges f\u00fcr irgendeinen Zweck. Er ist jederzeit berechtigt, f\u00fcr den Betrieb des WLANs ganz, teilweise oder zeitweise weitere Mitnutzer zuzulassen und den Zugang des Mieters ganz, teilweise oder zeitweise zu beschr\u00e4nken oder auszuschlie\u00dfen, wenn der Anschluss rechtsmissbr\u00e4uchlich genutzt wird oder wurde, soweit Angela und Ulrich Kleinst\u00e4uber eGbR deswegen eine Inanspruchnahme f\u00fcrchten muss und dieses nicht mit \u00fcblichen und zumutbaren Aufwand in angemessener Zeit verhindern kann. Angela und Ulrich Kleinst\u00e4uber eGbR beh\u00e4lt sich insbesondere vor, nach billigem Ermessen und jederzeit den Zugang auf bestimmte Seiten oder Dienste \u00fcber das WLAN zu sperren (z.B. gewaltverherrlichende, pornografische oder kostenpflichtige Seiten).<\/p>\n<h3>\u00a7 Zugangsdaten<\/h3>\n<p>Die Nutzung des WLAN erfolgt mittels Zugangssicherung. Die Zugangsdaten (Login und Passwort) d\u00fcrfen in keinem Fall an Dritte weitergegeben werden. Will der Gast Dritten den Zugang zum Internet \u00fcber das WLAN gew\u00e4hren, so ist dies von der vorherigen schriftlichen Zustimmung von uns und der mittels Unterschrift und vollst\u00e4ndiger Identit\u00e4tsangabe dokumentierter Akzeptanz der Regelungen dieser Nutzungsvereinbarung durch den Dritten zwingend abh\u00e4ngig. Der Gast verpflichtet sich, seine Zugangsdaten geheim zu halten. Angela und Ulrich Kleinst\u00e4uber eGbR hat jederzeit das Recht, Zugangscodes zu \u00e4ndern.<\/p>\n<h3>\u00a7 Gefahren der WLAN-Nutzung, Haftungsbeschr\u00e4nkung<\/h3>\n<p>Der Gast wird darauf hingewiesen, dass das WLAN nur den Zugang zum Internet erm\u00f6glicht, Virenschutz und Firewall stehe nicht zur Verf\u00fcgung. Der unter Nutzung des WLANs hergestellte Datenverkehr erfolgt unverschl\u00fcsselt. Die Daten k\u00f6nnen daher m\u00f6glicherweise von Dritten eingesehen werden. Angela und Ulrich Kleinst\u00e4uber eGbR weist ausdr\u00fccklich darauf hin, dass die Gefahr besteht, dass Schadsoftware (z.B. Viren, Trojaner, W\u00fcrmer, etc.) bei der Nutzung des WLANs auf das Endger\u00e4t gelangen kann. Die Nutzung des WLANs erfolgt auf eigene Gefahr und auf eigenes Risiko des Gastes. F\u00fcr Sch\u00e4den an digitalen Medien des Mieters, die durch die Nutzung des Internetzuganges entstehen, \u00fcbernehmen wir keine Haftung, es sei denn, die Sch\u00e4den wurden von uns und\/ oder seinen Erf\u00fcllungsgehilfen vors\u00e4tzlich oder grob fahrl\u00e4ssig verursacht.<\/p>\n<h3>\u00a7 Hausordnung, Allgemeine Rechte und Pflichten<\/h3>\n<p>(1) Der Gast ist zur Einhaltung der Hausordnung verpflichtet. Von&nbsp; 22:00 Uhr bis&nbsp; 08:00 Uhr gilt die Nachtruhe. Um eine St\u00f6rung zu vermeiden, sind TV- und Audioger\u00e4te auf Zimmerlautst\u00e4rke einzustellen.<\/p>\n<p>(2) F\u00fcr die Dauer der \u00dcberlassung der Unterkunft ist der Gast verpflichtet, bei Verlassen der Ferienwohnung Fenster (au\u00dfer angekippt) und T\u00fcren geschlossen zu halten.<\/p>\n<p>(3) In der Ferienwohnung gilt ein allgemeines Rauchverbot. Bei Zuwiderhandlungen kann Ihnen eine Reinigungspauschale in H\u00f6he von bis zu 500 Euro in Rechnung gestellt werden. Rauchen ist nur auf Balkonen und Terrassen erlaubt.<\/p>\n<p>(4) Unser hauseigenen Parkplatz bietet pro Unterkunftseinheit einen Stellplatz zur Verf\u00fcgung. Weitere Fahrzeuge k\u00f6nnen nach Absprache abgestellt werden. Bitte achten Sie darauf, das keine Fahrzeuge die Ausfahrten behindern.<\/p>\n<p>(5) Gilt nur f\u00fcr Ferienh\u00fcsli \u201cSiebenschl\u00e4fer\u201d: Die Benutzung des Hot Tub ist nur nach vorheriger Einweisung gestattet und erfolgt auf eigene Gefahr. Eltern haften f\u00fcr Ihre Kinder.<\/p>\n<p>(6) Gilt nur f\u00fcr Wohnungen mit Kaminofen: Die Benutzung der Kaminofen ist nur nach vorheriger Einweisung gestattet und erfolgt auf eigene Gefahr. Eltern haften f\u00fcr Ihre Kinder.<\/p>\n<p>(7) Die Ein- und\/oder Anbringung von Materialien zur Dekoration o. \u00e4. ist in den Unterk\u00fcnften nicht erlaubt. Der Gast haftet f\u00fcr gleichwohl ein- und\/oder angebrachte Dekoration o. \u00f6. allein. Der Gast ist au\u00dferdem zum Ersatz von Sch\u00e4den durch die Ein- und oder Anbringung von Dekoration o. \u00e4. verpflichtet.<\/p>\n<p>(8) Angela und Ulrich Kleinst\u00e4uber eGbR hat ein jederzeitiges Zutrittsrecht zu der Unterkunft, insbesondere bei Gefahr im Verzug. Auf die schutzw\u00fcrdigen Belange des Gastes ist bei der Aus\u00fcbung des Zutrittsrechts angemessen R\u00fccksicht zu nehmen. Wir werden den Gast \u00fcber die Aus\u00fcbung des Zutrittsrechts vorab informieren, es sei denn, dies ist ihm nach den Umst\u00e4nden des Einzelfalls nicht zumutbar oder unm\u00f6glich.<\/p>\n<h3>&nbsp;Schlussbestimmungen<\/h3>\n<p>F\u00fcr unsere Gesch\u00e4ftsbedingungen und f\u00fcr die gesamten Rechtsbeziehungen zwischen uns und unseren Kunden gilt das Recht der Bundesrepublik Deutschland. Soweit gesetzlich zul\u00e4ssig, ist der Hotelstandort ausschlie\u00dflicher Gerichtsstand f\u00fcr alle sich aus dem Vertragsverh\u00e4ltnis unmittelbar oder mittelbar&nbsp; ergebende Streitigkeiten. Sollte eine oder mehrere vertragliche Bestimmungen ganz oder teilweise unwirksam sein, so wird die G\u00fcltigkeit des Vertrages davon im \u00fcbrigen nicht ber\u00fchrt.e<\/p>\t\t\t\t\t\t\t\t<\/div>\n\t\t\t\t<\/div>\n\t\t\t\t\t<\/div>\n\t\t<\/div>\n\t\t\t\t\t<\/div>\n\t\t<\/section>\n\t\t\t\t\t<\/div>\n\t\t<\/div>\n\t\t\t\t\t<\/div>\n\t\t<\/section>\n\t\t\t\t<\/div>\n\t\t","protected":false},"excerpt":{"rendered":"<p>Allgemeine Gesch\u00e4ftsbedingungen f\u00fcr Sandsteinidyll (AGB) Geltung der AGB (1) Diese Allgmeinen Gesch\u00e4ftsbedingungen gelten f\u00fcr Vertr\u00e4ge \u00fcber die mietweise \u00dcberlassung von Ferienwohnungen, Ferienh\u00e4usern und Pensionszimmern zur Beherbergung sowie alle f\u00fcr den Gast erbrachten weiteren Leistungen und Lieferungen von der Angela und Ulrich Kleinst\u00e4uber eGbR. Die Leistungen erfolgen ausschlie\u00dflich aufgrund dieser Allgemeinen Gesch\u00e4ftsbedingungen. (2) Die Unter- oder [&hellip;]<\/p>\n","protected":false},"author":2,"featured_media":0,"parent":0,"menu_order":0,"comment_status":"closed","ping_status":"closed","template":"","meta":{"footnotes":""},"class_list":["post-415","page","type-page","status-publish","hentry"],"_links":{"self":[{"href":"https:\/\/sandsteinidyll.de\/de\/wp-json\/wp\/v2\/pages\/415","targetHints":{"allow":["GET"]}}],"collection":[{"href":"https:\/\/sandsteinidyll.de\/de\/wp-json\/wp\/v2\/pages"}],"about":[{"href":"https:\/\/sandsteinidyll.de\/de\/wp-json\/wp\/v2\/types\/page"}],"author":[{"embeddable":true,"href":"https:\/\/sandsteinidyll.de\/de\/wp-json\/wp\/v2\/users\/2"}],"replies":[{"embeddable":true,"href":"https:\/\/sandsteinidyll.de\/de\/wp-json\/wp\/v2\/comments?post=415"}],"version-history":[{"count":0,"href":"https:\/\/sandsteinidyll.de\/de\/wp-json\/wp\/v2\/pages\/415\/revisions"}],"wp:attachment":[{"href":"https:\/\/sandsteinidyll.de\/de\/wp-json\/wp\/v2\/media?parent=415"}],"curies":[{"name":"wp","href":"https:\/\/api.w.org\/{rel}","templated":true}]}}